{"id":82891,"date":"2024-01-04T12:50:08","date_gmt":"2021-05-28T21:55:08","guid":{"rendered":"https:\/\/shop.cafedepot.com\/product\/imperial-2\/"},"modified":"2024-01-24T17:34:34","modified_gmt":"2024-01-24T21:34:34","slug":"imperial-2","status":"publish","type":"product","link":"https:\/\/shop.cafedepot.com\/fr\/produit\/imperial-2\/","title":{"rendered":"IMP\u00c9RIAL"},"content":{"rendered":"","protected":false},"excerpt":{"rendered":"<p>Caf\u00e9 l\u00e9ger et bien \u00e9quilibr\u00e9 avec une touche de noisette. Parfait pour les amateurs de caf\u00e9 filtre.<\/p>\n<p><strong>Notes gustatives<\/strong>: Doux, \u00c9quilibr\u00e9, Noisette<\/p>\n<p><strong>Torr\u00e9faction<\/strong> : moyenne<\/p>\n","protected":false},"featured_media":69901,"template":"","meta":{"wds_primary_product_brand":0,"wds_primary_product_cat":0},"product_brand":[],"product_cat":[88,98],"product_tag":[],"class_list":{"0":"post-82891","1":"product","2":"type-product","3":"status-publish","4":"has-post-thumbnail","6":"product_cat-coffee-fr","7":"product_cat-products-fr","9":"first","10":"instock","11":"shipping-taxable","12":"purchasable","13":"product-type-variable-subscription"},"_links":{"self":[{"href":"https:\/\/shop.cafedepot.com\/fr\/wp-json\/wp\/v2\/product\/82891","targetHints":{"allow":["GET"]}}],"collection":[{"href":"https:\/\/shop.cafedepot.com\/fr\/wp-json\/wp\/v2\/product"}],"about":[{"href":"https:\/\/shop.cafedepot.com\/fr\/wp-json\/wp\/v2\/types\/product"}],"version-history":[{"count":0,"href":"https:\/\/shop.cafedepot.com\/fr\/wp-json\/wp\/v2\/product\/82891\/revisions"}],"wp:featuredmedia":[{"embeddable":true,"href":"https:\/\/shop.cafedepot.com\/fr\/wp-json\/wp\/v2\/media\/69901"}],"wp:attachment":[{"href":"https:\/\/shop.cafedepot.com\/fr\/wp-json\/wp\/v2\/media?parent=82891"}],"wp:term":[{"taxonomy":"product_brand","embeddable":true,"href":"https:\/\/shop.cafedepot.com\/fr\/wp-json\/wp\/v2\/product_brand?post=82891"},{"taxonomy":"product_cat","embeddable":true,"href":"https:\/\/shop.cafedepot.com\/fr\/wp-json\/wp\/v2\/product_cat?post=82891"},{"taxonomy":"product_tag","embeddable":true,"href":"https:\/\/shop.cafedepot.com\/fr\/wp-json\/wp\/v2\/product_tag?post=82891"}],"curies":[{"name":"wp","href":"https:\/\/api.w.org\/{rel}","templated":true}]}}