{"id":82888,"date":"2024-01-04T12:55:54","date_gmt":"2021-04-21T23:05:54","guid":{"rendered":"https:\/\/shop.cafedepot.com\/product\/nero-2\/"},"modified":"2024-02-27T16:43:56","modified_gmt":"2024-02-27T20:43:56","slug":"nero-2","status":"publish","type":"product","link":"https:\/\/shop.cafedepot.com\/fr\/produit\/nero-2\/","title":{"rendered":"N\u00c9RO"},"content":{"rendered":"","protected":false},"excerpt":{"rendered":"<p>Caf\u00e9 avec un corps robuste, ar\u00f4mes de chocolat noir et tabac. Ce caf\u00e9 est pour les amateurs de caf\u00e9 cors\u00e9.<\/p>\n<p><strong>Notes gustatives<\/strong>: Cors\u00e9, Chocolat noir, Tabac<\/p>\n<p><strong>Torr\u00e9faction: <\/strong>Fonc\u00e9<\/p>\n","protected":false},"featured_media":91039,"template":"","meta":{"wds_primary_product_brand":0,"wds_primary_product_cat":0},"product_brand":[],"product_cat":[88,98],"product_tag":[],"class_list":{"0":"post-82888","1":"product","2":"type-product","3":"status-publish","4":"has-post-thumbnail","6":"product_cat-coffee-fr","7":"product_cat-products-fr","9":"first","10":"instock","11":"shipping-taxable","12":"purchasable","13":"product-type-simple"},"_links":{"self":[{"href":"https:\/\/shop.cafedepot.com\/fr\/wp-json\/wp\/v2\/product\/82888","targetHints":{"allow":["GET"]}}],"collection":[{"href":"https:\/\/shop.cafedepot.com\/fr\/wp-json\/wp\/v2\/product"}],"about":[{"href":"https:\/\/shop.cafedepot.com\/fr\/wp-json\/wp\/v2\/types\/product"}],"version-history":[{"count":0,"href":"https:\/\/shop.cafedepot.com\/fr\/wp-json\/wp\/v2\/product\/82888\/revisions"}],"wp:featuredmedia":[{"embeddable":true,"href":"https:\/\/shop.cafedepot.com\/fr\/wp-json\/wp\/v2\/media\/91039"}],"wp:attachment":[{"href":"https:\/\/shop.cafedepot.com\/fr\/wp-json\/wp\/v2\/media?parent=82888"}],"wp:term":[{"taxonomy":"product_brand","embeddable":true,"href":"https:\/\/shop.cafedepot.com\/fr\/wp-json\/wp\/v2\/product_brand?post=82888"},{"taxonomy":"product_cat","embeddable":true,"href":"https:\/\/shop.cafedepot.com\/fr\/wp-json\/wp\/v2\/product_cat?post=82888"},{"taxonomy":"product_tag","embeddable":true,"href":"https:\/\/shop.cafedepot.com\/fr\/wp-json\/wp\/v2\/product_tag?post=82888"}],"curies":[{"name":"wp","href":"https:\/\/api.w.org\/{rel}","templated":true}]}}