{"id":82821,"date":"2024-01-04T12:49:07","date_gmt":"2023-11-08T17:26:07","guid":{"rendered":"https:\/\/shop.cafedepot.com\/product\/nero\/"},"modified":"2024-01-24T17:32:51","modified_gmt":"2024-01-24T21:32:51","slug":"nero","status":"publish","type":"product","link":"https:\/\/shop.cafedepot.com\/fr\/produit\/nero\/","title":{"rendered":"N\u00c9RO"},"content":{"rendered":"","protected":false},"excerpt":{"rendered":"<p>Caf\u00e9 avec un corps robuste, ar\u00f4mes de chocolat noir et tabac. Ce caf\u00e9 est pour les amateurs de caf\u00e9 cors\u00e9.<\/p>\n<p><strong>Notes gustative<\/strong>: Cors\u00e9, Chocolat noir, Tabac<\/p>\n<p><strong>Torr\u00e9faction<\/strong> : fonc\u00e9<\/p>\n","protected":false},"featured_media":69899,"template":"","meta":{"wds_primary_product_brand":0,"wds_primary_product_cat":0},"product_brand":[],"product_cat":[88,98],"product_tag":[],"class_list":{"0":"post-82821","1":"product","2":"type-product","3":"status-publish","4":"has-post-thumbnail","6":"product_cat-coffee-fr","7":"product_cat-products-fr","9":"first","10":"instock","11":"shipping-taxable","12":"purchasable","13":"product-type-variable-subscription"},"_links":{"self":[{"href":"https:\/\/shop.cafedepot.com\/fr\/wp-json\/wp\/v2\/product\/82821","targetHints":{"allow":["GET"]}}],"collection":[{"href":"https:\/\/shop.cafedepot.com\/fr\/wp-json\/wp\/v2\/product"}],"about":[{"href":"https:\/\/shop.cafedepot.com\/fr\/wp-json\/wp\/v2\/types\/product"}],"version-history":[{"count":0,"href":"https:\/\/shop.cafedepot.com\/fr\/wp-json\/wp\/v2\/product\/82821\/revisions"}],"wp:featuredmedia":[{"embeddable":true,"href":"https:\/\/shop.cafedepot.com\/fr\/wp-json\/wp\/v2\/media\/69899"}],"wp:attachment":[{"href":"https:\/\/shop.cafedepot.com\/fr\/wp-json\/wp\/v2\/media?parent=82821"}],"wp:term":[{"taxonomy":"product_brand","embeddable":true,"href":"https:\/\/shop.cafedepot.com\/fr\/wp-json\/wp\/v2\/product_brand?post=82821"},{"taxonomy":"product_cat","embeddable":true,"href":"https:\/\/shop.cafedepot.com\/fr\/wp-json\/wp\/v2\/product_cat?post=82821"},{"taxonomy":"product_tag","embeddable":true,"href":"https:\/\/shop.cafedepot.com\/fr\/wp-json\/wp\/v2\/product_tag?post=82821"}],"curies":[{"name":"wp","href":"https:\/\/api.w.org\/{rel}","templated":true}]}}