{"id":82816,"date":"2024-01-04T12:46:29","date_gmt":"2023-11-08T17:44:29","guid":{"rendered":"https:\/\/shop.cafedepot.com\/product\/colombien-excelso\/"},"modified":"2024-01-24T17:35:52","modified_gmt":"2024-01-24T21:35:52","slug":"colombien-excelso","status":"publish","type":"product","link":"https:\/\/shop.cafedepot.com\/fr\/produit\/colombien-excelso\/","title":{"rendered":"COLOMBIEN"},"content":{"rendered":"","protected":false},"excerpt":{"rendered":"<p>Savourez des notes de noisettes grill\u00e9es et de caramel avec notre Colombien Supremo. Il se marie parfaitement avec la cr\u00e8me et le sucre. Id\u00e9al pour les amateurs de caf\u00e9 cors\u00e9 et robuste.<\/p>\n<p><strong>Notes gustatives<\/strong>: Robuste, Caramel, Noisette<\/p>\n<p><strong>Torr\u00e9faction<\/strong> : moyenne<\/p>\n<p><strong> R\u00e9gion<\/strong> : Huila, Nari\u00f1o, Cauca<\/p>\n<p><strong>Vari\u00e9t\u00e9<\/strong> : Typica, Caturra<\/p>\n","protected":false},"featured_media":69903,"template":"","meta":{"wds_primary_product_brand":0,"wds_primary_product_cat":0},"product_brand":[],"product_cat":[88,98],"product_tag":[],"class_list":{"0":"post-82816","1":"product","2":"type-product","3":"status-publish","4":"has-post-thumbnail","6":"product_cat-coffee-fr","7":"product_cat-products-fr","9":"first","10":"instock","11":"shipping-taxable","12":"purchasable","13":"product-type-variable-subscription"},"_links":{"self":[{"href":"https:\/\/shop.cafedepot.com\/fr\/wp-json\/wp\/v2\/product\/82816","targetHints":{"allow":["GET"]}}],"collection":[{"href":"https:\/\/shop.cafedepot.com\/fr\/wp-json\/wp\/v2\/product"}],"about":[{"href":"https:\/\/shop.cafedepot.com\/fr\/wp-json\/wp\/v2\/types\/product"}],"version-history":[{"count":0,"href":"https:\/\/shop.cafedepot.com\/fr\/wp-json\/wp\/v2\/product\/82816\/revisions"}],"wp:featuredmedia":[{"embeddable":true,"href":"https:\/\/shop.cafedepot.com\/fr\/wp-json\/wp\/v2\/media\/69903"}],"wp:attachment":[{"href":"https:\/\/shop.cafedepot.com\/fr\/wp-json\/wp\/v2\/media?parent=82816"}],"wp:term":[{"taxonomy":"product_brand","embeddable":true,"href":"https:\/\/shop.cafedepot.com\/fr\/wp-json\/wp\/v2\/product_brand?post=82816"},{"taxonomy":"product_cat","embeddable":true,"href":"https:\/\/shop.cafedepot.com\/fr\/wp-json\/wp\/v2\/product_cat?post=82816"},{"taxonomy":"product_tag","embeddable":true,"href":"https:\/\/shop.cafedepot.com\/fr\/wp-json\/wp\/v2\/product_tag?post=82816"}],"curies":[{"name":"wp","href":"https:\/\/api.w.org\/{rel}","templated":true}]}}