{"id":82755,"date":"2024-01-04T12:45:29","date_gmt":"2023-11-08T23:55:29","guid":{"rendered":"https:\/\/shop.cafedepot.com\/product\/perou-equitable\/"},"modified":"2024-01-24T17:37:07","modified_gmt":"2024-01-24T21:37:07","slug":"perou-equitable","status":"publish","type":"product","link":"https:\/\/shop.cafedepot.com\/fr\/produit\/perou-equitable\/","title":{"rendered":"P\u00c9ROU"},"content":{"rendered":"","protected":false},"excerpt":{"rendered":"<p>Certifi\u00e9 \u00e9quitable \u00e0 travers la coop\u00e9rative JUMARP situ\u00e9e entre 1300 \u00e0 1800 M d\u2019altitude. Fond\u00e9 en 2003, ce regroupement de fermiers regroupe aujourd\u2019hui plus de 180 cultivateurs. En choisissant du caf\u00e9 certifi\u00e9 Fairtrade, vous veillez \u00e0 ce que les agriculteurs re\u00e7oivent un prix \u00e9quitable pour leurs grains de caf\u00e9, en plus de la prime Fairtrade. Ils peuvent alors investir dans leurs \u00e9coles, dans la reforestation et effectuer des am\u00e9liorations agricoles. <\/p>\n<p><strong>Notes gustatives<\/strong>: Caf\u00e9 d\u00e9licat, int\u00e9grant des aromes de pain grill\u00e9 et de sucre brun. <\/p>\n<p><strong>Torr\u00e9faction<\/strong> : Moyenne et Fonc\u00e9<\/p>\n<p><strong>R\u00e9gion<\/strong> : El Palto (Amazonas) <\/p>\n<p><strong>Vari\u00e9t\u00e9<\/strong> : 100% arabica : Typica, Catuai<\/p>\n","protected":false},"featured_media":69905,"template":"","meta":{"wds_primary_product_brand":0,"wds_primary_product_cat":0},"product_brand":[],"product_cat":[88,98],"product_tag":[],"class_list":{"0":"post-82755","1":"product","2":"type-product","3":"status-publish","4":"has-post-thumbnail","6":"product_cat-coffee-fr","7":"product_cat-products-fr","9":"first","10":"instock","11":"shipping-taxable","12":"purchasable","13":"product-type-variable-subscription"},"_links":{"self":[{"href":"https:\/\/shop.cafedepot.com\/fr\/wp-json\/wp\/v2\/product\/82755","targetHints":{"allow":["GET"]}}],"collection":[{"href":"https:\/\/shop.cafedepot.com\/fr\/wp-json\/wp\/v2\/product"}],"about":[{"href":"https:\/\/shop.cafedepot.com\/fr\/wp-json\/wp\/v2\/types\/product"}],"version-history":[{"count":0,"href":"https:\/\/shop.cafedepot.com\/fr\/wp-json\/wp\/v2\/product\/82755\/revisions"}],"wp:featuredmedia":[{"embeddable":true,"href":"https:\/\/shop.cafedepot.com\/fr\/wp-json\/wp\/v2\/media\/69905"}],"wp:attachment":[{"href":"https:\/\/shop.cafedepot.com\/fr\/wp-json\/wp\/v2\/media?parent=82755"}],"wp:term":[{"taxonomy":"product_brand","embeddable":true,"href":"https:\/\/shop.cafedepot.com\/fr\/wp-json\/wp\/v2\/product_brand?post=82755"},{"taxonomy":"product_cat","embeddable":true,"href":"https:\/\/shop.cafedepot.com\/fr\/wp-json\/wp\/v2\/product_cat?post=82755"},{"taxonomy":"product_tag","embeddable":true,"href":"https:\/\/shop.cafedepot.com\/fr\/wp-json\/wp\/v2\/product_tag?post=82755"}],"curies":[{"name":"wp","href":"https:\/\/api.w.org\/{rel}","templated":true}]}}