{"id":82694,"date":"2024-01-04T12:51:54","date_gmt":"2023-11-09T00:13:54","guid":{"rendered":"https:\/\/shop.cafedepot.com\/product\/espresso-decafeine\/"},"modified":"2024-01-23T19:39:21","modified_gmt":"2024-01-23T23:39:21","slug":"espresso-decafeine","status":"publish","type":"product","link":"https:\/\/shop.cafedepot.com\/fr\/produit\/espresso-decafeine\/","title":{"rendered":"ESPRESSO D\u00c9CAF\u00c9IN\u00c9"},"content":{"rendered":"","protected":false},"excerpt":{"rendered":"<p>Le proc\u00e9d\u00e9 de d\u00e9caf\u00e9ination est un proc\u00e9d\u00e9 naturel qui garde l\u2019int\u00e9grit\u00e9 du grain. Il propose ainsi un caf\u00e9 aux aromes sucr\u00e9s entre la tarte et le caramel. Ce d\u00e9caf\u00e9in\u00e9 est le meilleur que vous n\u2019aurez jamais gout\u00e9.<\/p>\n<p><strong>Type de mouture:<\/strong> Grains<\/p>\n<p><strong>Torr\u00e9faction:<\/strong> Brun<\/p>\n","protected":false},"featured_media":69907,"template":"","meta":{"wds_primary_product_brand":0,"wds_primary_product_cat":0},"product_brand":[],"product_cat":[88,98],"product_tag":[],"class_list":{"0":"post-82694","1":"product","2":"type-product","3":"status-publish","4":"has-post-thumbnail","6":"product_cat-coffee-fr","7":"product_cat-products-fr","9":"first","10":"instock","11":"shipping-taxable","12":"purchasable","13":"product-type-variable-subscription"},"_links":{"self":[{"href":"https:\/\/shop.cafedepot.com\/fr\/wp-json\/wp\/v2\/product\/82694","targetHints":{"allow":["GET"]}}],"collection":[{"href":"https:\/\/shop.cafedepot.com\/fr\/wp-json\/wp\/v2\/product"}],"about":[{"href":"https:\/\/shop.cafedepot.com\/fr\/wp-json\/wp\/v2\/types\/product"}],"version-history":[{"count":0,"href":"https:\/\/shop.cafedepot.com\/fr\/wp-json\/wp\/v2\/product\/82694\/revisions"}],"wp:featuredmedia":[{"embeddable":true,"href":"https:\/\/shop.cafedepot.com\/fr\/wp-json\/wp\/v2\/media\/69907"}],"wp:attachment":[{"href":"https:\/\/shop.cafedepot.com\/fr\/wp-json\/wp\/v2\/media?parent=82694"}],"wp:term":[{"taxonomy":"product_brand","embeddable":true,"href":"https:\/\/shop.cafedepot.com\/fr\/wp-json\/wp\/v2\/product_brand?post=82694"},{"taxonomy":"product_cat","embeddable":true,"href":"https:\/\/shop.cafedepot.com\/fr\/wp-json\/wp\/v2\/product_cat?post=82694"},{"taxonomy":"product_tag","embeddable":true,"href":"https:\/\/shop.cafedepot.com\/fr\/wp-json\/wp\/v2\/product_tag?post=82694"}],"curies":[{"name":"wp","href":"https:\/\/api.w.org\/{rel}","templated":true}]}}