{"id":82473,"date":"2024-01-04T12:53:38","date_gmt":"2023-11-09T00:23:38","guid":{"rendered":"https:\/\/shop.cafedepot.com\/product\/cafe-depot-espresso\/"},"modified":"2024-01-23T19:38:04","modified_gmt":"2024-01-23T23:38:04","slug":"cafe-depot-espresso","status":"publish","type":"product","link":"https:\/\/shop.cafedepot.com\/fr\/produit\/cafe-depot-espresso\/","title":{"rendered":"M\u00c9LANGE ESPRESSO"},"content":{"rendered":"","protected":false},"excerpt":{"rendered":"<p>Espresso typiquement italien. Issu de 4 grains soigneusement s\u00e9lectionn\u00e9s pour offrir une onctuosit\u00e9 parfaite, ce m\u00e9lange espresso repr\u00e9sente l\u2019\u00e9quilibre parfait entre acidit\u00e9 et amertume. Robusta \u00e0 25%. Arabica lav\u00e9 75%.<\/p>\n<p><strong><label for=\"grind-type\">Type de mouture<\/label>:<\/strong> Grains<\/p>\n<p><strong>Torr\u00e9faction<\/strong>: Moyenne<\/p>\n","protected":false},"featured_media":69909,"template":"","meta":{"wds_primary_product_brand":0,"wds_primary_product_cat":0},"product_brand":[],"product_cat":[88,98],"product_tag":[],"class_list":{"0":"post-82473","1":"product","2":"type-product","3":"status-publish","4":"has-post-thumbnail","6":"product_cat-coffee-fr","7":"product_cat-products-fr","9":"first","10":"instock","11":"shipping-taxable","12":"purchasable","13":"product-type-variable-subscription"},"_links":{"self":[{"href":"https:\/\/shop.cafedepot.com\/fr\/wp-json\/wp\/v2\/product\/82473","targetHints":{"allow":["GET"]}}],"collection":[{"href":"https:\/\/shop.cafedepot.com\/fr\/wp-json\/wp\/v2\/product"}],"about":[{"href":"https:\/\/shop.cafedepot.com\/fr\/wp-json\/wp\/v2\/types\/product"}],"version-history":[{"count":0,"href":"https:\/\/shop.cafedepot.com\/fr\/wp-json\/wp\/v2\/product\/82473\/revisions"}],"wp:featuredmedia":[{"embeddable":true,"href":"https:\/\/shop.cafedepot.com\/fr\/wp-json\/wp\/v2\/media\/69909"}],"wp:attachment":[{"href":"https:\/\/shop.cafedepot.com\/fr\/wp-json\/wp\/v2\/media?parent=82473"}],"wp:term":[{"taxonomy":"product_brand","embeddable":true,"href":"https:\/\/shop.cafedepot.com\/fr\/wp-json\/wp\/v2\/product_brand?post=82473"},{"taxonomy":"product_cat","embeddable":true,"href":"https:\/\/shop.cafedepot.com\/fr\/wp-json\/wp\/v2\/product_cat?post=82473"},{"taxonomy":"product_tag","embeddable":true,"href":"https:\/\/shop.cafedepot.com\/fr\/wp-json\/wp\/v2\/product_tag?post=82473"}],"curies":[{"name":"wp","href":"https:\/\/api.w.org\/{rel}","templated":true}]}}