{"id":82396,"date":"2024-01-04T12:48:36","date_gmt":"2023-11-19T18:30:36","guid":{"rendered":"https:\/\/shop.cafedepot.com\/product\/kenya-2\/"},"modified":"2024-01-11T10:34:03","modified_gmt":"2024-01-11T14:34:03","slug":"kenya-2","status":"publish","type":"product","link":"https:\/\/shop.cafedepot.com\/fr\/produit\/kenya-2\/","title":{"rendered":"KENYA"},"content":{"rendered":"","protected":false},"excerpt":{"rendered":"<p>Apportez une touche florale et fruit\u00e9e \u00e0 votre routine matinale. Le Kenya offre des notes de raisins avec une belle acidit\u00e9 qui s\u2019assemblent harmonieusement pour cr\u00e9er une tasse douce et velout\u00e9e.<\/p>\n<p><strong>Notes gustative<\/strong>: Velout\u00e9, Floral, Fruit\u00e9<\/p>\n<p><strong>Torr\u00e9faction<\/strong> : moyenne<\/p>\n<p><strong>R\u00e9gion<\/strong> : Central Highlands<\/p>\n<p><strong>Vari\u00e9t\u00e9<\/strong> : Bourbon<\/p>\n","protected":false},"featured_media":83192,"template":"","meta":{"wds_primary_product_brand":0,"wds_primary_product_cat":0},"product_brand":[],"product_cat":[88,98],"product_tag":[],"class_list":{"0":"post-82396","1":"product","2":"type-product","3":"status-publish","4":"has-post-thumbnail","6":"product_cat-coffee-fr","7":"product_cat-products-fr","9":"first","10":"instock","11":"shipping-taxable","12":"purchasable","13":"product-type-variable-subscription"},"_links":{"self":[{"href":"https:\/\/shop.cafedepot.com\/fr\/wp-json\/wp\/v2\/product\/82396","targetHints":{"allow":["GET"]}}],"collection":[{"href":"https:\/\/shop.cafedepot.com\/fr\/wp-json\/wp\/v2\/product"}],"about":[{"href":"https:\/\/shop.cafedepot.com\/fr\/wp-json\/wp\/v2\/types\/product"}],"version-history":[{"count":0,"href":"https:\/\/shop.cafedepot.com\/fr\/wp-json\/wp\/v2\/product\/82396\/revisions"}],"wp:featuredmedia":[{"embeddable":true,"href":"https:\/\/shop.cafedepot.com\/fr\/wp-json\/wp\/v2\/media\/83192"}],"wp:attachment":[{"href":"https:\/\/shop.cafedepot.com\/fr\/wp-json\/wp\/v2\/media?parent=82396"}],"wp:term":[{"taxonomy":"product_brand","embeddable":true,"href":"https:\/\/shop.cafedepot.com\/fr\/wp-json\/wp\/v2\/product_brand?post=82396"},{"taxonomy":"product_cat","embeddable":true,"href":"https:\/\/shop.cafedepot.com\/fr\/wp-json\/wp\/v2\/product_cat?post=82396"},{"taxonomy":"product_tag","embeddable":true,"href":"https:\/\/shop.cafedepot.com\/fr\/wp-json\/wp\/v2\/product_tag?post=82396"}],"curies":[{"name":"wp","href":"https:\/\/api.w.org\/{rel}","templated":true}]}}