{"id":82370,"date":"2024-01-04T12:59:51","date_gmt":"2023-11-27T23:24:51","guid":{"rendered":"https:\/\/shop.cafedepot.com\/product\/kenya\/"},"modified":"2024-03-01T13:10:59","modified_gmt":"2024-03-01T17:10:59","slug":"kenya","status":"publish","type":"product","link":"https:\/\/shop.cafedepot.com\/fr\/produit\/kenya\/","title":{"rendered":"KENYA"},"content":{"rendered":"","protected":false},"excerpt":{"rendered":"<p>Apportez une touche florale et fruit\u00e9e \u00e0 votre routine matinale. Le Kenya offre des notes de raisins avec une belle acidit\u00e9 qui s\u2019assemblent harmonieusement pour cr\u00e9er une tasse douce et velout\u00e9e.<\/p>\n<p><strong>Notes gustative<\/strong>: Velout\u00e9, Floral, Fruit\u00e9<\/p>\n<p><strong>Torr\u00e9faction<\/strong> : Moyenne<\/p>\n<p><strong>R\u00e9gion<\/strong> : Central Highlands<\/p>\n<p><strong>Vari\u00e9t\u00e9<\/strong> : Bourbon<\/p>\n","protected":false},"featured_media":91037,"template":"","meta":{"wds_primary_product_brand":0,"wds_primary_product_cat":0},"product_brand":[],"product_cat":[88,98],"product_tag":[],"class_list":{"0":"post-82370","1":"product","2":"type-product","3":"status-publish","4":"has-post-thumbnail","6":"product_cat-coffee-fr","7":"product_cat-products-fr","9":"first","10":"instock","11":"shipping-taxable","12":"purchasable","13":"product-type-simple"},"_links":{"self":[{"href":"https:\/\/shop.cafedepot.com\/fr\/wp-json\/wp\/v2\/product\/82370","targetHints":{"allow":["GET"]}}],"collection":[{"href":"https:\/\/shop.cafedepot.com\/fr\/wp-json\/wp\/v2\/product"}],"about":[{"href":"https:\/\/shop.cafedepot.com\/fr\/wp-json\/wp\/v2\/types\/product"}],"version-history":[{"count":0,"href":"https:\/\/shop.cafedepot.com\/fr\/wp-json\/wp\/v2\/product\/82370\/revisions"}],"wp:featuredmedia":[{"embeddable":true,"href":"https:\/\/shop.cafedepot.com\/fr\/wp-json\/wp\/v2\/media\/91037"}],"wp:attachment":[{"href":"https:\/\/shop.cafedepot.com\/fr\/wp-json\/wp\/v2\/media?parent=82370"}],"wp:term":[{"taxonomy":"product_brand","embeddable":true,"href":"https:\/\/shop.cafedepot.com\/fr\/wp-json\/wp\/v2\/product_brand?post=82370"},{"taxonomy":"product_cat","embeddable":true,"href":"https:\/\/shop.cafedepot.com\/fr\/wp-json\/wp\/v2\/product_cat?post=82370"},{"taxonomy":"product_tag","embeddable":true,"href":"https:\/\/shop.cafedepot.com\/fr\/wp-json\/wp\/v2\/product_tag?post=82370"}],"curies":[{"name":"wp","href":"https:\/\/api.w.org\/{rel}","templated":true}]}}