{"id":82253,"date":"2024-01-04T12:47:09","date_gmt":"2023-11-19T18:32:09","guid":{"rendered":"https:\/\/shop.cafedepot.com\/product\/sumatra\/"},"modified":"2024-01-11T10:32:41","modified_gmt":"2024-01-11T14:32:41","slug":"sumatra","status":"publish","type":"product","link":"https:\/\/shop.cafedepot.com\/fr\/produit\/sumatra\/","title":{"rendered":"SUMATRA"},"content":{"rendered":"","protected":false},"excerpt":{"rendered":"<p>Cultiv\u00e9 dans les r\u00e9gions montagneuses de l&rsquo;\u00eele, ce caf\u00e9 est caract\u00e9ris\u00e9 par son corps cors\u00e9, ses notes terreuses et ses ar\u00f4mes riches de tabac et d&rsquo;\u00e9pices.<\/p>\n<p><strong>Notes gustative<\/strong> : Intense, \u00c9pici\u00e9, Herbal<\/p>\n<p><strong> Torr\u00e9faction<\/strong> : p\u00e2le<\/p>\n<p><strong>R\u00e9gion<\/strong> : Aceh, Lintong<\/p>\n<p><strong>Vari\u00e9t\u00e9<\/strong> : Arabica<\/p>\n","protected":false},"featured_media":83194,"template":"","meta":{"wds_primary_product_brand":0,"wds_primary_product_cat":0},"product_brand":[],"product_cat":[88,98],"product_tag":[],"class_list":{"0":"post-82253","1":"product","2":"type-product","3":"status-publish","4":"has-post-thumbnail","6":"product_cat-coffee-fr","7":"product_cat-products-fr","9":"first","10":"instock","11":"shipping-taxable","12":"purchasable","13":"product-type-variable-subscription"},"_links":{"self":[{"href":"https:\/\/shop.cafedepot.com\/fr\/wp-json\/wp\/v2\/product\/82253","targetHints":{"allow":["GET"]}}],"collection":[{"href":"https:\/\/shop.cafedepot.com\/fr\/wp-json\/wp\/v2\/product"}],"about":[{"href":"https:\/\/shop.cafedepot.com\/fr\/wp-json\/wp\/v2\/types\/product"}],"version-history":[{"count":0,"href":"https:\/\/shop.cafedepot.com\/fr\/wp-json\/wp\/v2\/product\/82253\/revisions"}],"wp:featuredmedia":[{"embeddable":true,"href":"https:\/\/shop.cafedepot.com\/fr\/wp-json\/wp\/v2\/media\/83194"}],"wp:attachment":[{"href":"https:\/\/shop.cafedepot.com\/fr\/wp-json\/wp\/v2\/media?parent=82253"}],"wp:term":[{"taxonomy":"product_brand","embeddable":true,"href":"https:\/\/shop.cafedepot.com\/fr\/wp-json\/wp\/v2\/product_brand?post=82253"},{"taxonomy":"product_cat","embeddable":true,"href":"https:\/\/shop.cafedepot.com\/fr\/wp-json\/wp\/v2\/product_cat?post=82253"},{"taxonomy":"product_tag","embeddable":true,"href":"https:\/\/shop.cafedepot.com\/fr\/wp-json\/wp\/v2\/product_tag?post=82253"}],"curies":[{"name":"wp","href":"https:\/\/api.w.org\/{rel}","templated":true}]}}